{"id":14,"date":"2016-01-28T19:09:17","date_gmt":"2016-01-28T18:09:17","guid":{"rendered":"http:\/\/www.sybon.pl\/sybon3\/?page_id=14"},"modified":"2016-02-21T12:35:23","modified_gmt":"2016-02-21T11:35:23","slug":"kontakt","status":"publish","type":"page","link":"https:\/\/www.sybon.pl\/de\/producent-trumien\/kontakt\/","title":{"rendered":"Kontakt"},"content":{"rendered":"<p><strong>SYBO\u0143 s. c.<\/strong><br \/>\n46-045 TURAWA<br \/>\nul. Opolska 4<br \/>\nPOLEN<\/p>\n<p>tel. (+48) 077\/421 20 45<br \/>\ntel. (+48) 077\/421 73 93<br \/>\nmobil: (+48) 601 175 939<\/p>\n<p>e-mail: <a href=\"mailto:biuro@sybon.pl\">biuro@sybon.pl<\/a><\/p>\n<div style=\"float: left; border: 1px solid #000; width: 526px; height: 267px;\"><img loading=\"lazy\" decoding=\"async\" class=\"alignnone size-full wp-image-66\" src=\"http:\/\/www.sybon.pl\/sybon3\/wp-content\/uploads\/2016\/01\/kontakt_pic1.jpg\" alt=\"kontakt_pic1\" width=\"526\" height=\"266\" srcset=\"https:\/\/www.sybon.pl\/wp-content\/uploads\/2016\/01\/kontakt_pic1.jpg 526w, https:\/\/www.sybon.pl\/wp-content\/uploads\/2016\/01\/kontakt_pic1-300x152.jpg 300w\" sizes=\"auto, (max-width: 526px) 85vw, 526px\" \/><\/div>\n<div style=\"float: right; border: 1px solid #000; width: 266px; height: 267px;\"><iframe loading=\"lazy\" style=\"border: 0;\" src=\"https:\/\/www.google.com\/maps\/embed?pb=!1m18!1m12!1m3!1d10100.331084709394!2d18.057506968661315!3d50.73695367951603!2m3!1f0!2f0!3f0!3m2!1i1024!2i768!4f13.1!3m3!1m2!1s0x4710f934270adf1b%3A0x6b1ffa39227bc163!2sSybo%C5%84+s.c.!5e0!3m2!1spl!2spl!4v1455442559363\" width=\"266\" height=\"265\" frameborder=\"0\" allowfullscreen=\"allowfullscreen\"><\/iframe><\/div>\n<p><\/p>","protected":false},"excerpt":{"rendered":"<p>SYBO\u0143 s. c. 46-045 TURAWA ul. Opolska 4 POLEN tel. (+48) 077\/421 20 45 tel. (+48) 077\/421 73 93 mobil: (+48) 601 175 939 e-mail: biuro@sybon.pl<\/p>\n","protected":false},"author":4,"featured_media":0,"parent":22,"menu_order":0,"comment_status":"closed","ping_status":"closed","template":"","meta":{"_acf_changed":false,"footnotes":""},"class_list":["post-14","page","type-page","status-publish","hentry"],"acf":[],"yoast_head":"<!-- This site is optimized with the Yoast SEO plugin v27.5 - https:\/\/yoast.com\/product\/yoast-seo-wordpress\/ -->\n<title>Kontakt - Hersteller von S\u00e4rgen Sybo\u0144<\/title>\n<meta name=\"robots\" content=\"index, follow, max-snippet:-1, max-image-preview:large, max-video-preview:-1\" \/>\n<link rel=\"canonical\" href=\"https:\/\/www.sybon.pl\/producent-trumien\/kontakt\/\" \/>\n<meta property=\"og:locale\" content=\"de_DE\" \/>\n<meta property=\"og:type\" content=\"article\" \/>\n<meta property=\"og:title\" content=\"Kontakt - Hersteller von S\u00e4rgen Sybo\u0144\" \/>\n<meta property=\"og:description\" content=\"SYBO\u0143 s. c. 46-045 TURAWA ul. Opolska 4 POLEN tel. (+48) 077\/421 20 45 tel. (+48) 077\/421 73 93 mobil: (+48) 601 175 939 e-mail: biuro@sybon.pl\" \/>\n<meta property=\"og:url\" content=\"https:\/\/www.sybon.pl\/producent-trumien\/kontakt\/\" \/>\n<meta property=\"og:site_name\" content=\"Hersteller von S\u00e4rgen Sybo\u0144\" \/>\n<meta property=\"article:modified_time\" content=\"2016-02-21T11:35:23+00:00\" \/>\n<meta property=\"og:image\" content=\"http:\/\/www.sybon.pl\/sybon3\/wp-content\/uploads\/2016\/01\/kontakt_pic1.jpg\" \/>\n<meta name=\"twitter:card\" content=\"summary_large_image\" \/>\n<script type=\"application\/ld+json\" class=\"yoast-schema-graph\">{\"@context\":\"https:\\\/\\\/schema.org\",\"@graph\":[{\"@type\":\"WebPage\",\"@id\":\"https:\\\/\\\/www.sybon.pl\\\/producent-trumien\\\/kontakt\\\/\",\"url\":\"https:\\\/\\\/www.sybon.pl\\\/producent-trumien\\\/kontakt\\\/\",\"name\":\"Kontakt - Hersteller von S\u00e4rgen Sybo\u0144\",\"isPartOf\":{\"@id\":\"https:\\\/\\\/www.sybon.pl\\\/#website\"},\"primaryImageOfPage\":{\"@id\":\"https:\\\/\\\/www.sybon.pl\\\/producent-trumien\\\/kontakt\\\/#primaryimage\"},\"image\":{\"@id\":\"https:\\\/\\\/www.sybon.pl\\\/producent-trumien\\\/kontakt\\\/#primaryimage\"},\"thumbnailUrl\":\"http:\\\/\\\/www.sybon.pl\\\/sybon3\\\/wp-content\\\/uploads\\\/2016\\\/01\\\/kontakt_pic1.jpg\",\"datePublished\":\"2016-01-28T18:09:17+00:00\",\"dateModified\":\"2016-02-21T11:35:23+00:00\",\"breadcrumb\":{\"@id\":\"https:\\\/\\\/www.sybon.pl\\\/producent-trumien\\\/kontakt\\\/#breadcrumb\"},\"inLanguage\":\"de\",\"potentialAction\":[{\"@type\":\"ReadAction\",\"target\":[\"https:\\\/\\\/www.sybon.pl\\\/producent-trumien\\\/kontakt\\\/\"]}]},{\"@type\":\"ImageObject\",\"inLanguage\":\"de\",\"@id\":\"https:\\\/\\\/www.sybon.pl\\\/producent-trumien\\\/kontakt\\\/#primaryimage\",\"url\":\"http:\\\/\\\/www.sybon.pl\\\/sybon3\\\/wp-content\\\/uploads\\\/2016\\\/01\\\/kontakt_pic1.jpg\",\"contentUrl\":\"http:\\\/\\\/www.sybon.pl\\\/sybon3\\\/wp-content\\\/uploads\\\/2016\\\/01\\\/kontakt_pic1.jpg\"},{\"@type\":\"BreadcrumbList\",\"@id\":\"https:\\\/\\\/www.sybon.pl\\\/producent-trumien\\\/kontakt\\\/#breadcrumb\",\"itemListElement\":[{\"@type\":\"ListItem\",\"position\":1,\"name\":\"Strona g\u0142\u00f3wna\",\"item\":\"https:\\\/\\\/www.sybon.pl\\\/\"},{\"@type\":\"ListItem\",\"position\":2,\"name\":\"Producent trumien\",\"item\":\"https:\\\/\\\/www.sybon.pl\\\/producent-trumien\\\/\"},{\"@type\":\"ListItem\",\"position\":3,\"name\":\"Kontakt\"}]},{\"@type\":\"WebSite\",\"@id\":\"https:\\\/\\\/www.sybon.pl\\\/#website\",\"url\":\"https:\\\/\\\/www.sybon.pl\\\/\",\"name\":\"Hersteller von S\u00e4rgen Sybo\u0144\",\"description\":\"\",\"potentialAction\":[{\"@type\":\"SearchAction\",\"target\":{\"@type\":\"EntryPoint\",\"urlTemplate\":\"https:\\\/\\\/www.sybon.pl\\\/?s={search_term_string}\"},\"query-input\":{\"@type\":\"PropertyValueSpecification\",\"valueRequired\":true,\"valueName\":\"search_term_string\"}}],\"inLanguage\":\"de\"}]}<\/script>\n<!-- \/ Yoast SEO plugin. -->","yoast_head_json":{"title":"Kontakt - Hersteller von S\u00e4rgen Sybo\u0144","robots":{"index":"index","follow":"follow","max-snippet":"max-snippet:-1","max-image-preview":"max-image-preview:large","max-video-preview":"max-video-preview:-1"},"canonical":"https:\/\/www.sybon.pl\/producent-trumien\/kontakt\/","og_locale":"de_DE","og_type":"article","og_title":"Kontakt - Hersteller von S\u00e4rgen Sybo\u0144","og_description":"SYBO\u0143 s. c. 46-045 TURAWA ul. Opolska 4 POLEN tel. (+48) 077\/421 20 45 tel. (+48) 077\/421 73 93 mobil: (+48) 601 175 939 e-mail: biuro@sybon.pl","og_url":"https:\/\/www.sybon.pl\/producent-trumien\/kontakt\/","og_site_name":"Hersteller von S\u00e4rgen Sybo\u0144","article_modified_time":"2016-02-21T11:35:23+00:00","og_image":[{"url":"http:\/\/www.sybon.pl\/sybon3\/wp-content\/uploads\/2016\/01\/kontakt_pic1.jpg","type":"","width":"","height":""}],"twitter_card":"summary_large_image","schema":{"@context":"https:\/\/schema.org","@graph":[{"@type":"WebPage","@id":"https:\/\/www.sybon.pl\/producent-trumien\/kontakt\/","url":"https:\/\/www.sybon.pl\/producent-trumien\/kontakt\/","name":"Kontakt - Hersteller von S\u00e4rgen Sybo\u0144","isPartOf":{"@id":"https:\/\/www.sybon.pl\/#website"},"primaryImageOfPage":{"@id":"https:\/\/www.sybon.pl\/producent-trumien\/kontakt\/#primaryimage"},"image":{"@id":"https:\/\/www.sybon.pl\/producent-trumien\/kontakt\/#primaryimage"},"thumbnailUrl":"http:\/\/www.sybon.pl\/sybon3\/wp-content\/uploads\/2016\/01\/kontakt_pic1.jpg","datePublished":"2016-01-28T18:09:17+00:00","dateModified":"2016-02-21T11:35:23+00:00","breadcrumb":{"@id":"https:\/\/www.sybon.pl\/producent-trumien\/kontakt\/#breadcrumb"},"inLanguage":"de","potentialAction":[{"@type":"ReadAction","target":["https:\/\/www.sybon.pl\/producent-trumien\/kontakt\/"]}]},{"@type":"ImageObject","inLanguage":"de","@id":"https:\/\/www.sybon.pl\/producent-trumien\/kontakt\/#primaryimage","url":"http:\/\/www.sybon.pl\/sybon3\/wp-content\/uploads\/2016\/01\/kontakt_pic1.jpg","contentUrl":"http:\/\/www.sybon.pl\/sybon3\/wp-content\/uploads\/2016\/01\/kontakt_pic1.jpg"},{"@type":"BreadcrumbList","@id":"https:\/\/www.sybon.pl\/producent-trumien\/kontakt\/#breadcrumb","itemListElement":[{"@type":"ListItem","position":1,"name":"Strona g\u0142\u00f3wna","item":"https:\/\/www.sybon.pl\/"},{"@type":"ListItem","position":2,"name":"Producent trumien","item":"https:\/\/www.sybon.pl\/producent-trumien\/"},{"@type":"ListItem","position":3,"name":"Kontakt"}]},{"@type":"WebSite","@id":"https:\/\/www.sybon.pl\/#website","url":"https:\/\/www.sybon.pl\/","name":"Hersteller von S\u00e4rgen Sybo\u0144","description":"","potentialAction":[{"@type":"SearchAction","target":{"@type":"EntryPoint","urlTemplate":"https:\/\/www.sybon.pl\/?s={search_term_string}"},"query-input":{"@type":"PropertyValueSpecification","valueRequired":true,"valueName":"search_term_string"}}],"inLanguage":"de"}]}},"_links":{"self":[{"href":"https:\/\/www.sybon.pl\/de\/wp-json\/wp\/v2\/pages\/14","targetHints":{"allow":["GET"]}}],"collection":[{"href":"https:\/\/www.sybon.pl\/de\/wp-json\/wp\/v2\/pages"}],"about":[{"href":"https:\/\/www.sybon.pl\/de\/wp-json\/wp\/v2\/types\/page"}],"author":[{"embeddable":true,"href":"https:\/\/www.sybon.pl\/de\/wp-json\/wp\/v2\/users\/4"}],"replies":[{"embeddable":true,"href":"https:\/\/www.sybon.pl\/de\/wp-json\/wp\/v2\/comments?post=14"}],"version-history":[{"count":8,"href":"https:\/\/www.sybon.pl\/de\/wp-json\/wp\/v2\/pages\/14\/revisions"}],"predecessor-version":[{"id":230,"href":"https:\/\/www.sybon.pl\/de\/wp-json\/wp\/v2\/pages\/14\/revisions\/230"}],"up":[{"embeddable":true,"href":"https:\/\/www.sybon.pl\/de\/wp-json\/wp\/v2\/pages\/22"}],"wp:attachment":[{"href":"https:\/\/www.sybon.pl\/de\/wp-json\/wp\/v2\/media?parent=14"}],"curies":[{"name":"wp","href":"https:\/\/api.w.org\/{rel}","templated":true}]}}